{"id":18690,"date":"2022-02-22T01:12:16","date_gmt":"2022-02-22T01:12:16","guid":{"rendered":"https:\/\/kovacine.moonsafari.design\/?page_id=18690"},"modified":"2022-02-22T01:20:37","modified_gmt":"2022-02-22T01:20:37","slug":"security-statement","status":"publish","type":"page","link":"https:\/\/kovacine.moonsafari.design\/en\/security-statement\/","title":{"rendered":"Security statement"},"content":{"rendered":"<p>[et_pb_section fb_built=&#8221;1&#8243; admin_label=&#8221;Hero image&#8221; _builder_version=&#8221;4.14.8&#8243; _module_preset=&#8221;default&#8221; background_image=&#8221;https:\/\/kovacine.moonsafari.design\/wp-content\/uploads\/2021\/07\/kamp-kovacine-global-header.jpg&#8221; background_position=&#8221;top_center&#8221; min_height=&#8221;400px&#8221; min_height_tablet=&#8221;400px&#8221; min_height_phone=&#8221;400px&#8221; min_height_last_edited=&#8221;on|phone&#8221; height_tablet=&#8221;&#8221; height_phone=&#8221;600px&#8221; height_last_edited=&#8221;on|phone&#8221; top_divider_color=&#8221;#e02b20&#8243; bottom_divider_style=&#8221;waves2&#8243; bottom_divider_color=&#8221;#f6f6f3&#8243; bottom_divider_style_tablet=&#8221;waves2&#8243; bottom_divider_style_phone=&#8221;wave2&#8243; bottom_divider_style_last_edited=&#8221;on|phone&#8221; collapsed=&#8221;on&#8221; global_colors_info=&#8221;{}&#8221;][\/et_pb_section][et_pb_section fb_built=&#8221;1&#8243; admin_label=&#8221;GDPR&#8221; _builder_version=&#8221;4.14.8&#8243; _module_preset=&#8221;default&#8221; background_color=&#8221;rgba(0,0,0,0)&#8221; custom_margin=&#8221;-200px||50px||false|false&#8221; custom_margin_tablet=&#8221;-200px||50px||false|false&#8221; custom_margin_phone=&#8221;-350px||50px||false|false&#8221; custom_margin_last_edited=&#8221;on|phone&#8221; custom_padding=&#8221;0px||0px||false|false&#8221; collapsed=&#8221;off&#8221; global_colors_info=&#8221;{}&#8221;][et_pb_row admin_label=&#8221;Naslov &#8221; _builder_version=&#8221;4.14.8&#8243; _module_preset=&#8221;default&#8221; width_tablet=&#8221;&#8221; width_phone=&#8221;90%&#8221; width_last_edited=&#8221;on|phone&#8221; custom_padding=&#8221;0px|4vw||4vw|false|false&#8221; collapsed=&#8221;off&#8221; global_colors_info=&#8221;{}&#8221;][et_pb_column type=&#8221;4_4&#8243; _builder_version=&#8221;4.7.7&#8243; _module_preset=&#8221;default&#8221; global_colors_info=&#8221;{}&#8221;][et_pb_text _builder_version=&#8221;4.14.8&#8243; _module_preset=&#8221;default&#8221; text_line_height=&#8221;1.5em&#8221; header_font=&#8221;|300|||||||&#8221; header_text_align=&#8221;left&#8221; header_text_color=&#8221;#f6f6f3&#8243; header_font_size=&#8221;3.5em&#8221; header_6_font=&#8221;|||on|||||&#8221; header_6_line_height=&#8221;2em&#8221; background_layout=&#8221;dark&#8221; custom_margin=&#8221;||||false|false&#8221; locked=&#8221;off&#8221; global_colors_info=&#8221;{}&#8221;]<\/p>\n<h1>Security statement<\/h1>\n<p>[\/et_pb_text][\/et_pb_column][\/et_pb_row][et_pb_row column_structure=&#8221;2_3,1_3&#8243; use_custom_gutter=&#8221;on&#8221; custom_padding_last_edited=&#8221;on|phone&#8221; admin_label=&#8221;Opis&#8221; _builder_version=&#8221;4.14.8&#8243; _module_preset=&#8221;default&#8221; background_color=&#8221;#f6f6f3&#8243; z_index=&#8221;99&#8243; width_tablet=&#8221;&#8221; width_phone=&#8221;90%&#8221; width_last_edited=&#8221;on|phone&#8221; custom_margin=&#8221;||||false|false&#8221; custom_padding=&#8221;50px|50px|50px|50px|true|true&#8221; custom_padding_tablet=&#8221;50px|50px|50px|50px|true|true&#8221; custom_padding_phone=&#8221;25px|25px|25px|25px|true|true&#8221; box_shadow_style=&#8221;preset1&#8243; box_shadow_vertical=&#8221;-25px&#8221; box_shadow_spread=&#8221;-10px&#8221; collapsed=&#8221;off&#8221; global_colors_info=&#8221;{}&#8221;][et_pb_column type=&#8221;2_3&#8243; _builder_version=&#8221;4.9.4&#8243; _module_preset=&#8221;default&#8221; global_colors_info=&#8221;{}&#8221;][et_pb_text _builder_version=&#8221;4.14.8&#8243; _module_preset=&#8221;default&#8221; text_letter_spacing=&#8221;0.03em&#8221; text_line_height=&#8221;2em&#8221; header_4_line_height=&#8221;2em&#8221; header_4_line_height_tablet=&#8221;2em&#8221; header_4_line_height_phone=&#8221;1.5em&#8221; header_4_line_height_last_edited=&#8221;on|phone&#8221; global_colors_info=&#8221;{}&#8221;]<\/p>\n<h4>Credit card purchase security statement<\/h4>\n<p>Confidentiality of your information is protected and secured by using SSL encryption. Pages for web payment are secured by using Secure Socket Layer (SSL) protocol with 128-bit data encryption. SSL encryption is a data coding procedure for prevention of unauthorized access during data transfer.<\/p>\n<p>This enables a secure data transfer and prevents unauthorized data access during communication between user and T-com service and vice versa.<\/p>\n<p>PayWay service and financial institutions (credit card houses) exchange data by using their virtual private network (VPN) which is also protected from unauthorized access.<\/p>\n<p>Credit card numbers are not stored and are not available to unauthorized personnel.<\/p>\n<p>&nbsp;<br \/>\n[\/et_pb_text][et_pb_text _builder_version=&#8221;4.14.8&#8243; _module_preset=&#8221;default&#8221; text_letter_spacing=&#8221;0.03em&#8221; text_line_height=&#8221;2em&#8221; header_4_line_height=&#8221;2em&#8221; header_4_line_height_tablet=&#8221;2em&#8221; header_4_line_height_phone=&#8221;1.5em&#8221; header_4_line_height_last_edited=&#8221;on|phone&#8221; global_colors_info=&#8221;{}&#8221;]<\/p>\n<h4>Personal data gathering and protection statement<\/h4>\n<p>We are committed to provide service of protection of our customers personal data in a way that we collect only essential basic information about our buyers that are necessary for fulfilling our obligations. We also inform our customers about the way we collect information and regularly give customers an option about how their information will be used, including the possibility to decide whether their name should be included or omited from the lists used for marketing campaigns.<\/p>\n<p>All user information are strictly guarded and are available only to the employees who need those information for completing the job.<\/p>\n<p>All our employees and business partners are responsible for obiding the principles of confidentiality protection.<\/p>\n<p>&nbsp;<br \/>\n[\/et_pb_text][\/et_pb_column][et_pb_column type=&#8221;1_3&#8243; _builder_version=&#8221;4.9.4&#8243; _module_preset=&#8221;default&#8221; global_colors_info=&#8221;{}&#8221;][et_pb_text _builder_version=&#8221;4.14.8&#8243; _module_preset=&#8221;default&#8221; header_6_font=&#8221;|||on|||||&#8221; global_colors_info=&#8221;{}&#8221;]<\/p>\n<h6>SECURE CARDS<\/h6>\n<p>[\/et_pb_text][et_pb_image src=&#8221;https:\/\/kovacine.moonsafari.design\/wp-content\/uploads\/2022\/02\/Kartice_sigurnosti_Visa_Kamp-Kovacine_Cres.svg&#8221; title_text=&#8221;Kartice sigurnosti &#8211; Visa &#8211; Kamp Kova\u010dine, Cres&#8221; _builder_version=&#8221;4.14.8&#8243; _module_preset=&#8221;default&#8221; width=&#8221;30%&#8221; custom_margin=&#8221;|10px|||false|false&#8221; hover_enabled=&#8221;0&#8243; custom_css_main_element=&#8221;float: left;&#8221; global_colors_info=&#8221;{}&#8221; alt=&#8221;Kartice sigurnosti &#8211; Visa &#8211; Kamp Kova\u010dine, Cres&#8221; sticky_enabled=&#8221;0&#8243;][\/et_pb_image][et_pb_image src=&#8221;https:\/\/kovacine.moonsafari.design\/wp-content\/uploads\/2021\/08\/mastercard_kreditna_kartica_Kamp_Kovacine_Cres.svg&#8221; title_text=&#8221;Mastercard kreditna kartica &#8211; Kamp Kova\u010dine, Cres&#8221; _builder_version=&#8221;4.14.8&#8243; _module_preset=&#8221;default&#8221; width=&#8221;30%&#8221; custom_margin=&#8221;|10px|||false|false&#8221; hover_enabled=&#8221;0&#8243; custom_css_main_element=&#8221;float: left;&#8221; global_colors_info=&#8221;{}&#8221; sticky_enabled=&#8221;0&#8243;][\/et_pb_image][et_pb_image src=&#8221;https:\/\/kovacine.moonsafari.design\/wp-content\/uploads\/2021\/08\/american_express_kreditna_kartica_Kamp_Kovacine_Cres.svg&#8221; title_text=&#8221;American Express kreditna kartica &#8211; Kamp Kova\u010dine, Cres&#8221; _builder_version=&#8221;4.14.8&#8243; _module_preset=&#8221;default&#8221; width=&#8221;30%&#8221; hover_enabled=&#8221;0&#8243; custom_css_main_element=&#8221;float: left;&#8221; global_colors_info=&#8221;{}&#8221; sticky_enabled=&#8221;0&#8243;][\/et_pb_image][et_pb_image src=&#8221;https:\/\/kovacine.moonsafari.design\/wp-content\/uploads\/2022\/02\/kartice-sigurnosti-kamp-kovacine-cres.png&#8221; title_text=&#8221;Kartice sigurnosti &#8211; Kamp Kovai\u010dne, Cres&#8221; _builder_version=&#8221;4.14.8&#8243; _module_preset=&#8221;default&#8221; width=&#8221;30%&#8221; hover_enabled=&#8221;0&#8243; custom_css_main_element=&#8221;float: left;&#8221; global_colors_info=&#8221;{}&#8221; sticky_enabled=&#8221;0&#8243; alt=&#8221;Kartice sigurnosti &#8211; Kamp Kovai\u010dne, Cres&#8221;][\/et_pb_image][\/et_pb_column][\/et_pb_row][\/et_pb_section]<\/p>\n","protected":false},"excerpt":{"rendered":"<p>Security statement Credit card purchase security statement Confidentiality of your information is protected and secured by using SSL encryption. Pages for web payment are secured by using Secure Socket Layer (SSL) protocol with 128-bit data encryption. SSL encryption is a data coding procedure for prevention of unauthorized access during data transfer. This enables a secure [&hellip;]<\/p>\n","protected":false},"author":1,"featured_media":0,"parent":0,"menu_order":0,"comment_status":"closed","ping_status":"closed","template":"","meta":{"_et_pb_use_builder":"on","_et_pb_old_content":"<p>[et_pb_section fb_built=\"1\" admin_label=\"Hero image\" _builder_version=\"4.14.8\" _module_preset=\"default\" background_image=\"https:\/\/kovacine.moonsafari.design\/wp-content\/uploads\/2021\/07\/kamp-kovacine-global-header.jpg\" background_position=\"top_center\" min_height=\"400px\" top_divider_color=\"#e02b20\" bottom_divider_style=\"waves2\" bottom_divider_color=\"#f6f6f3\" hover_enabled=\"0\" collapsed=\"on\" global_colors_info=\"{}\" min_height_last_edited=\"on|phone\" height_last_edited=\"on|phone\" height_phone=\"600px\" sticky_enabled=\"0\" bottom_divider_style_last_edited=\"on|phone\" bottom_divider_style_phone=\"wave2\" min_height_tablet=\"400px\" min_height_phone=\"400px\" bottom_divider_style_tablet=\"waves2\"][\/et_pb_section][et_pb_section fb_built=\"1\" admin_label=\"GDPR\" _builder_version=\"4.14.8\" _module_preset=\"default\" background_color=\"rgba(0,0,0,0)\" custom_margin=\"-200px||50px||false|false\" custom_padding=\"0px||0px||false|false\" hover_enabled=\"0\" collapsed=\"off\" global_colors_info=\"{}\" custom_margin_last_edited=\"on|phone\" custom_margin_phone=\"-350px||50px||false|false\" sticky_enabled=\"0\" custom_margin_tablet=\"-200px||50px||false|false\"][et_pb_row admin_label=\"Naslov \" _builder_version=\"4.14.8\" _module_preset=\"default\" custom_padding=\"0px|4vw||4vw|false|false\" hover_enabled=\"0\" collapsed=\"off\" global_colors_info=\"{}\" width_last_edited=\"on|phone\" width_phone=\"90%\" sticky_enabled=\"0\"][et_pb_column type=\"4_4\" _builder_version=\"4.7.7\" _module_preset=\"default\" global_colors_info=\"{}\"][et_pb_text _builder_version=\"4.9.4\" _module_preset=\"default\" text_line_height=\"1.5em\" header_font=\"|300|||||||\" header_text_align=\"left\" header_text_color=\"#f6f6f3\" header_font_size=\"3.5em\" header_6_font=\"|||on|||||\" header_6_line_height=\"2em\" background_layout=\"dark\" custom_margin=\"||||false|false\" locked=\"off\" global_colors_info=\"{}\"]<\/p><h1>Izjava o sigurnosti pla\u0107anja<\/h1><p>[\/et_pb_text][\/et_pb_column][\/et_pb_row][et_pb_row column_structure=\"2_3,1_3\" use_custom_gutter=\"on\" admin_label=\"Opis\" _builder_version=\"4.14.8\" _module_preset=\"default\" background_color=\"#f6f6f3\" z_index=\"99\" custom_margin=\"||||false|false\" custom_padding=\"50px|50px|50px|50px|true|true\" hover_enabled=\"0\" box_shadow_style=\"preset1\" box_shadow_vertical=\"-25px\" box_shadow_spread=\"-10px\" collapsed=\"off\" global_colors_info=\"{}\" width_last_edited=\"on|phone\" width_phone=\"90%\" custom_padding_last_edited=\"on|phone\" custom_padding_phone=\"25px|25px|25px|25px|true|true\" sticky_enabled=\"0\" custom_padding_tablet=\"50px|50px|50px|50px|true|true\"][et_pb_column type=\"2_3\" _builder_version=\"4.9.4\" _module_preset=\"default\" global_colors_info=\"{}\"][et_pb_text _builder_version=\"4.14.8\" _module_preset=\"default\" text_letter_spacing=\"0.03em\" text_line_height=\"2em\" header_4_line_height=\"2em\" hover_enabled=\"0\" global_colors_info=\"{}\" header_4_line_height_last_edited=\"on|phone\" header_4_line_height_phone=\"1.5em\" sticky_enabled=\"0\" header_4_line_height_tablet=\"2em\"]<\/p><h4>Sigurnost pla\u0107anja kreditnim karticama<\/h4><p>Tajnost Va\u0161ih podataka je za\u0161ti\u010dena i osigurana uporabom SSL enkripcije. Stranice za naplatu putem interneta osigurane su kori\u0161tenjem Secure Socket Layer (SSL) protokola sa 128-bitnom enkripcijom podataka. SSL enkripcija je postupak \u0161ifriranja podataka radi sprije\u010davanja neovla\u0161tenog pristupa prilikom njihovog prijenosa.<\/p><p>Time je omogu\u0107en siguran prijenos informacija te onemogu\u0107en nedozvoljen pristup podacima prilikom komunikacije izme\u0111u korisnikovog ra\u010dunala i T-com servisa, te obratno.<\/p><p>PayWay servis i financijske ustanove (karti\u010dne ku\u0107e) razmjenjuju podatke uporabom virtualne privatne mre\u017ee (VPN), koja je za\u0161ti\u0107ena od neautoriziranog pristupa.<\/p><p>Brojevi kreditnih kartica se ne pohranjuju i nisu dostupni neovla\u0161tenim osobama.<\/p><p>[\/et_pb_text][et_pb_text _builder_version=\"4.14.8\" _module_preset=\"default\" text_letter_spacing=\"0.03em\" text_line_height=\"2em\" header_4_line_height=\"2em\" hover_enabled=\"0\" global_colors_info=\"{}\" header_4_line_height_last_edited=\"on|phone\" header_4_line_height_phone=\"1.5em\" sticky_enabled=\"0\" header_4_line_height_tablet=\"2em\"]<\/p><h4>Izjava o za\u0161titi i prikupljanju osobnih podataka<\/h4><p>Obavezujemo se pru\u017eati za\u0161titu osobnim podacima kupaca, na na\u010din da prikuplja samo nu\u017ene, osnovne podatke o kupcima \/ korisnicima koji su nu\u017eni za ispunjenje na\u0161ih obveza; informira kupce o na\u010dinu kori\u0161tenja prikupljenih podataka, redovito daje kupcima mogu\u0107nost izbora o upotrebi njihovih podataka, uklju\u010duju\u0107i mogu\u0107nost odluke \u017eele li ili ne da se njihovo ime ukloni s lista koje se koriste za marketin\u0161ke kampanje.<\/p><p>Svi se podaci o korisnicima strogo \u010duvaju i dostupni su samo djelatnicima kojima su ti podaci nu\u017eni za obavljanje posla.<\/p><p>Svi na\u0161i djelatnici i poslovni partneri odgovorni su za po\u0161tivanje na\u010dela za\u0161tite privatnosti.<\/p><p>[\/et_pb_text][\/et_pb_column][et_pb_column type=\"1_3\" _builder_version=\"4.9.4\" _module_preset=\"default\" global_colors_info=\"{}\"][et_pb_text _builder_version=\"4.9.4\" _module_preset=\"default\" header_6_font=\"|||on|||||\" global_colors_info=\"{}\"]<\/p><h6>Kartice sigurnosti<\/h6><p>[\/et_pb_text][et_pb_image src=\"https:\/\/kovacine.moonsafari.design\/wp-content\/uploads\/2021\/05\/Kartice_sigurnosti_Visa_Hotel_Kimen_Cres.svg\" title_text=\"Kartice_sigurnosti_Visa_Hotel_Kimen_Cres\" _builder_version=\"4.9.4\" _module_preset=\"default\" width=\"30%\" custom_margin=\"|10px|||false|false\" custom_css_main_element=\"float: left;\" global_colors_info=\"{}\"][\/et_pb_image][et_pb_image src=\"https:\/\/kovacine.moonsafari.design\/wp-content\/uploads\/2021\/05\/mastercard_kreditna_kartica_Hotel_Kimen_Cres.svg\" title_text=\"mastercard_kreditna_kartica_Hotel_Kimen_Cres\" _builder_version=\"4.9.4\" _module_preset=\"default\" width=\"30%\" custom_margin=\"|10px|||false|false\" custom_css_main_element=\"float: left;\" global_colors_info=\"{}\"][\/et_pb_image][et_pb_image src=\"https:\/\/kovacine.moonsafari.design\/wp-content\/uploads\/2021\/05\/american_express_kreditna_kartica_Hotel_Kimen_Cres.svg\" title_text=\"american_express_kreditna_kartica_Hotel_Kimen_Cres\" _builder_version=\"4.9.4\" _module_preset=\"default\" width=\"30%\" custom_css_main_element=\"float: left;\" global_colors_info=\"{}\"][\/et_pb_image][\/et_pb_column][\/et_pb_row][\/et_pb_section]<\/p>","_et_gb_content_width":"","footnotes":""},"class_list":["post-18690","page","type-page","status-publish","hentry"],"_links":{"self":[{"href":"https:\/\/kovacine.moonsafari.design\/en\/wp-json\/wp\/v2\/pages\/18690","targetHints":{"allow":["GET"]}}],"collection":[{"href":"https:\/\/kovacine.moonsafari.design\/en\/wp-json\/wp\/v2\/pages"}],"about":[{"href":"https:\/\/kovacine.moonsafari.design\/en\/wp-json\/wp\/v2\/types\/page"}],"author":[{"embeddable":true,"href":"https:\/\/kovacine.moonsafari.design\/en\/wp-json\/wp\/v2\/users\/1"}],"replies":[{"embeddable":true,"href":"https:\/\/kovacine.moonsafari.design\/en\/wp-json\/wp\/v2\/comments?post=18690"}],"version-history":[{"count":0,"href":"https:\/\/kovacine.moonsafari.design\/en\/wp-json\/wp\/v2\/pages\/18690\/revisions"}],"wp:attachment":[{"href":"https:\/\/kovacine.moonsafari.design\/en\/wp-json\/wp\/v2\/media?parent=18690"}],"curies":[{"name":"wp","href":"https:\/\/api.w.org\/{rel}","templated":true}]}}