{"id":18727,"date":"2022-02-22T01:44:14","date_gmt":"2022-02-22T01:44:14","guid":{"rendered":"https:\/\/kovacine.moonsafari.design\/?page_id=18727"},"modified":"2023-01-02T12:05:18","modified_gmt":"2023-01-02T12:05:18","slug":"credit-card-payment","status":"publish","type":"page","link":"https:\/\/kovacine.moonsafari.design\/en\/credit-card-payment\/","title":{"rendered":"Credit card payment"},"content":{"rendered":"<p>[et_pb_section fb_built=&#8221;1&#8243; admin_label=&#8221;Hero image&#8221; _builder_version=&#8221;4.16&#8243; _module_preset=&#8221;default&#8221; background_image=&#8221;https:\/\/kovacine.moonsafari.design\/wp-content\/uploads\/2021\/07\/kamp-kovacine-global-header.jpg&#8221; background_position=&#8221;top_center&#8221; min_height=&#8221;400px&#8221; top_divider_color=&#8221;#e02b20&#8243; bottom_divider_style=&#8221;waves2&#8243; bottom_divider_color=&#8221;#f6f6f3&#8243; collapsed=&#8221;on&#8221; global_colors_info=&#8221;{}&#8221;][\/et_pb_section][et_pb_section fb_built=&#8221;1&#8243; admin_label=&#8221;GDPR&#8221; _builder_version=&#8221;4.16&#8243; _module_preset=&#8221;default&#8221; background_color=&#8221;rgba(0,0,0,0)&#8221; custom_margin=&#8221;-200px||50px||false|false&#8221; custom_padding=&#8221;0px||0px||false|false&#8221; collapsed=&#8221;off&#8221; global_colors_info=&#8221;{}&#8221;][et_pb_row admin_label=&#8221;Naslov &#8221; _builder_version=&#8221;4.16&#8243; _module_preset=&#8221;default&#8221; custom_padding=&#8221;0px|4vw||4vw|false|false&#8221; collapsed=&#8221;off&#8221; global_colors_info=&#8221;{}&#8221;][et_pb_column type=&#8221;4_4&#8243; _builder_version=&#8221;4.16&#8243; _module_preset=&#8221;default&#8221; global_colors_info=&#8221;{}&#8221;][et_pb_text _builder_version=&#8221;4.16&#8243; _module_preset=&#8221;default&#8221; text_line_height=&#8221;1.5em&#8221; header_font=&#8221;|300|||||||&#8221; header_text_align=&#8221;left&#8221; header_text_color=&#8221;#f6f6f3&#8243; header_font_size=&#8221;3.5em&#8221; header_6_font=&#8221;|||on|||||&#8221; header_6_line_height=&#8221;2em&#8221; background_layout=&#8221;dark&#8221; custom_margin=&#8221;||||false|false&#8221; locked=&#8221;off&#8221; global_colors_info=&#8221;{}&#8221;]<\/p>\n<h1>Credit card payment<\/h1>\n<p>[\/et_pb_text][\/et_pb_column][\/et_pb_row][et_pb_row column_structure=&#8221;3_5,2_5&#8243; use_custom_gutter=&#8221;on&#8221; admin_label=&#8221;Opis&#8221; _builder_version=&#8221;4.16&#8243; _module_preset=&#8221;default&#8221; background_color=&#8221;#f6f6f3&#8243; z_index=&#8221;99&#8243; custom_margin=&#8221;||||false|false&#8221; custom_padding=&#8221;50px|50px|50px|50px|true|true&#8221; box_shadow_style=&#8221;preset1&#8243; box_shadow_vertical=&#8221;-25px&#8221; box_shadow_spread=&#8221;-10px&#8221; collapsed=&#8221;off&#8221; global_colors_info=&#8221;{}&#8221;][et_pb_column type=&#8221;3_5&#8243; _builder_version=&#8221;4.16&#8243; _module_preset=&#8221;default&#8221; global_colors_info=&#8221;{}&#8221;][et_pb_text _builder_version=&#8221;4.16&#8243; _module_preset=&#8221;default&#8221; global_colors_info=&#8221;{}&#8221;]<\/p>\n<p>If you received a reservation confirmation from the camp you can make an advance payment and a reservation cost payment by credit card from here.<\/p>\n<p>[\/et_pb_text][et_pb_code _builder_version=&#8221;4.16&#8243; _module_preset=&#8221;default&#8221; global_colors_info=&#8221;{}&#8221;]<div class=\"payway-form\"><input type=\"hidden\" id=\"payway_wordpress_url\" value=\"https:\/\/kovacine.moonsafari.design\"><form id=\"payway_form\" action=\"https:\/\/form.payway.com.hr\/Authorization.aspx\" method=\"POST\"><input type=\"hidden\" name=\"ShoppingCartID\" value=\"260414_111104043030\" id=\"ShoppingCartID\" ><input type=\"hidden\" name=\"ShopID\" value=\"10001007\"><input type=\"hidden\" name=\"ReturnURL\" value=\"https:\/\/camp-kovacine.com\/subcategory\/success\"><input type=\"hidden\" name=\"CancelURL\" value=\"https:\/\/camp-kovacine.com\/subcategory\/failure\"><input type=\"hidden\" name=\"ReturnErrorURL\" value=\"https:\/\/camp-kovacine.com\/subcategory\/failure\"><input type=\"hidden\" name=\"Lang\" value=\"en\"><input type=\"hidden\" name=\"Version\" value=\"2.0\"><input type=\"hidden\" name=\"Signature\" id=\"payway_signature\"><table class=\"dcf-table dcf-table-responsive dcf-table-striped dcf-w-100%\"><tbody><tr><td><p>Name<\/p><\/td><td><input class=\"input_field\" type=\"text\" name=\"CustomerFirstname\" \/><\/td><\/tr><tr><td><p>Surname<\/p><\/td><td><input class=\"input_field\" type=\"text\" name=\"CustomerLastName\" \/><\/td><\/tr><tr><td><p>Address<\/p><\/td><td><input class=\"input_field\" type=\"text\" name=\"CustomerAddress\" \/><\/td><\/tr><tr><td><p>City<\/p><\/td><td><input class=\"input_field\" type=\"text\" name=\"CustomerCity\" \/><\/td><\/tr><tr><td><p>ZIP<\/p><\/td><td><input class=\"input_field\" type=\"text\" name=\"CustomerZIP\" \/><\/td><\/tr><tr><td><p>Country<\/p><\/td><td><input class=\"input_field\" type=\"text\" name=\"CustomerCountry\" \/><\/td><\/tr><tr><td><p>Phone<\/p><\/td><td><input class=\"input_field\" type=\"text\" name=\"CustomerPhone\" \/><\/td><\/tr><tr><td><p>E-mail<\/p><\/td><td><input class=\"input_field\" type=\"text\" name=\"CustomerEmail\" \/><\/td><\/tr><tr><td><p>Total<\/p><\/td><td><input class=\"input_field\" type=\"text\"  id=\"TotalAmount\" name=\"TotalAmount\" \/> EUR<\/td><\/tr><tr><td colspan=\"2\" align=\"right\"><button type=\"button\" id=\"payway_getSignature\">Continue with payment<\/button><\/td><\/tr><tr><td colspan=\"2\" align=\"right\"><p id=\"invalid-amount-error\" style=\"display:none;\">The amount entered is invalid, please enter correct value and continue<\/p><\/td><\/tr><div><input style=\"display:none\" type=\"submit\" id=\"payway_redirect\" \/><\/div><\/tbody><\/table><\/form><\/div>[\/et_pb_code][\/et_pb_column][et_pb_column type=&#8221;2_5&#8243; _builder_version=&#8221;4.16&#8243; _module_preset=&#8221;default&#8221; global_colors_info=&#8221;{}&#8221;][et_pb_text _builder_version=&#8221;4.16&#8243; _module_preset=&#8221;default&#8221; header_6_font=&#8221;|||on|||||&#8221; global_colors_info=&#8221;{}&#8221;]<\/p>\n<h6>FOLLOW THE PROCEDURE:<\/h6>\n<p>[\/et_pb_text][et_pb_text _builder_version=&#8221;4.19.4&#8243; _module_preset=&#8221;default&#8221; text_letter_spacing=&#8221;0.03em&#8221; text_line_height=&#8221;2em&#8221; hover_enabled=&#8221;0&#8243; global_colors_info=&#8221;{}&#8221; sticky_enabled=&#8221;0&#8243;]<\/p>\n<ol>\n<li>fill in personal data fields<\/li>\n<li>the amount for advanced payment and reservation cost payment:\n<ul>\n<li>for 1 mobile home: 200 \u20ac<\/li>\n<li>for 1 room in house &#8220;Tamaris&#8221;: 100 \u20ac<\/li>\n<li>for 1 camping unit: 100 \u20ac<\/li>\n<li>reservation cost for 1 place in our mini-marina &#8211; 40,00 \u20ac<\/li>\n<li>or the amount you arranged with the camp sales department<\/li>\n<\/ul>\n<\/li>\n<li>click on &#8220;Proceed with payment&#8221;<\/li>\n<\/ol>\n<p>[\/et_pb_text][et_pb_text _builder_version=&#8221;4.16&#8243; _module_preset=&#8221;default&#8221; header_6_font=&#8221;|||on|||||&#8221; global_colors_info=&#8221;{}&#8221;]<\/p>\n<h6>Accept cards <\/h6>\n<p>[\/et_pb_text][et_pb_image src=&#8221;https:\/\/kovacine.moonsafari.design\/wp-content\/uploads\/2021\/08\/visa_kreditna_kartica_Kamp-Kovacine_Cres.svg&#8221; alt=&#8221;Visa kreditna kartica &#8211; Kamp Kova\u010dine, Cres&#8221; title_text=&#8221;Visa kreditna kartica &#8211; Kamp Kova\u010dine, Cres&#8221; _builder_version=&#8221;4.16&#8243; _module_preset=&#8221;default&#8221; width=&#8221;30%&#8221; custom_margin=&#8221;|10px|||false|false&#8221; custom_css_main_element=&#8221;float: left;&#8221; global_colors_info=&#8221;{}&#8221;][\/et_pb_image][et_pb_image src=&#8221;https:\/\/kovacine.moonsafari.design\/wp-content\/uploads\/2021\/08\/mastercard_kreditna_kartica_Kamp_Kovacine_Cres.svg&#8221; alt=&#8221;Mastercard kreditna kartica &#8211; Kamp Kova\u010dine, Cres&#8221; title_text=&#8221;Mastercard kreditna kartica &#8211; Kamp Kova\u010dine, Cres&#8221; _builder_version=&#8221;4.16&#8243; _module_preset=&#8221;default&#8221; width=&#8221;30%&#8221; custom_margin=&#8221;|10px|||false|false&#8221; custom_css_main_element=&#8221;float: left;&#8221; global_colors_info=&#8221;{}&#8221;][\/et_pb_image][et_pb_image src=&#8221;https:\/\/kovacine.moonsafari.design\/wp-content\/uploads\/2021\/08\/american_express_kreditna_kartica_Kamp_Kovacine_Cres.svg&#8221; alt=&#8221;American Express kreditna kartica &#8211; Kamp Kova\u010dine, Cres&#8221; title_text=&#8221;American Express kreditna kartica &#8211; Kamp Kova\u010dine, Cres&#8221; _builder_version=&#8221;4.16&#8243; _module_preset=&#8221;default&#8221; width=&#8221;30%&#8221; custom_css_main_element=&#8221;float: left;&#8221; global_colors_info=&#8221;{}&#8221;][\/et_pb_image][\/et_pb_column][\/et_pb_row][\/et_pb_section]<\/p>\n","protected":false},"excerpt":{"rendered":"<p>Credit card paymentIf you received a reservation confirmation from the camp you can make an advance payment and a reservation cost payment by credit card from here.<div class=\"payway-form\"><input type=\"hidden\" id=\"payway_wordpress_url\" value=\"https:\/\/kovacine.moonsafari.design\"><form id=\"payway_form\" action=\"https:\/\/form.payway.com.hr\/Authorization.aspx\" method=\"POST\"><input type=\"hidden\" name=\"ShoppingCartID\" value=\"260414_111104043030\" id=\"ShoppingCartID\" ><input type=\"hidden\" name=\"ShopID\" value=\"10001007\"><input type=\"hidden\" name=\"ReturnURL\" value=\"https:\/\/camp-kovacine.com\/subcategory\/success\"><input type=\"hidden\" name=\"CancelURL\" value=\"https:\/\/camp-kovacine.com\/subcategory\/failure\"><input type=\"hidden\" name=\"ReturnErrorURL\" value=\"https:\/\/camp-kovacine.com\/subcategory\/failure\"><input type=\"hidden\" name=\"Lang\" value=\"en\"><input type=\"hidden\" name=\"Version\" value=\"2.0\"><input type=\"hidden\" name=\"Signature\" id=\"payway_signature\"><table class=\"dcf-table dcf-table-responsive dcf-table-striped dcf-w-100%\"><tbody><tr><td><p>Name<\/p><\/td><td><input class=\"input_field\" type=\"text\" name=\"CustomerFirstname\" \/><\/td><\/tr><tr><td><p>Surname<\/p><\/td><td><input class=\"input_field\" type=\"text\" name=\"CustomerLastName\" \/><\/td><\/tr><tr><td><p>Address<\/p><\/td><td><input class=\"input_field\" type=\"text\" name=\"CustomerAddress\" \/><\/td><\/tr><tr><td><p>City<\/p><\/td><td><input class=\"input_field\" type=\"text\" name=\"CustomerCity\" \/><\/td><\/tr><tr><td><p>ZIP<\/p><\/td><td><input class=\"input_field\" type=\"text\" name=\"CustomerZIP\" \/><\/td><\/tr><tr><td><p>Country<\/p><\/td><td><input class=\"input_field\" type=\"text\" name=\"CustomerCountry\" \/><\/td><\/tr><tr><td><p>Phone<\/p><\/td><td><input class=\"input_field\" type=\"text\" name=\"CustomerPhone\" \/><\/td><\/tr><tr><td><p>E-mail<\/p><\/td><td><input class=\"input_field\" type=\"text\" name=\"CustomerEmail\" \/><\/td><\/tr><tr><td><p>Total<\/p><\/td><td><input class=\"input_field\" type=\"text\"  id=\"TotalAmount\" name=\"TotalAmount\" \/> EUR<\/td><\/tr><tr><td colspan=\"2\" align=\"right\"><button type=\"button\" id=\"payway_getSignature\">Continue with payment<\/button><\/td><\/tr><tr><td colspan=\"2\" align=\"right\"><p id=\"invalid-amount-error\" style=\"display:none;\">The amount entered is invalid, please enter correct value and continue<\/p><\/td><\/tr><div><input style=\"display:none\" type=\"submit\" id=\"payway_redirect\" \/><\/div><\/tbody><\/table><\/form><\/div>FOLLOW THE PROCEDURE: fill in personal data fields the amount for advanced payment and reservation cost payment: for 1 mobile home: 200 \u20ac for 1 room in house &#8220;Tamaris&#8221;: [&hellip;]<\/p>\n","protected":false},"author":1,"featured_media":0,"parent":0,"menu_order":0,"comment_status":"closed","ping_status":"closed","template":"","meta":{"_et_pb_use_builder":"on","_et_pb_old_content":"[et_pb_section fb_built=\"1\" admin_label=\"Hero image\" _builder_version=\"4.9.10\" _module_preset=\"default\" background_image=\"https:\/\/kovacine.moonsafari.design\/wp-content\/uploads\/2021\/07\/kamp-kovacine-global-header.jpg\" background_position=\"top_center\" min_height=\"400px\" top_divider_color=\"#e02b20\" bottom_divider_style=\"waves2\" bottom_divider_color=\"#f6f6f3\" collapsed=\"on\"][\/et_pb_section][et_pb_section fb_built=\"1\" admin_label=\"GDPR\" _builder_version=\"4.9.4\" _module_preset=\"default\" background_color=\"rgba(0,0,0,0)\" custom_margin=\"-200px||50px||false|false\" custom_padding=\"0px||0px||false|false\" collapsed=\"off\"][et_pb_row admin_label=\"Naslov \" _builder_version=\"4.9.4\" _module_preset=\"default\" custom_padding=\"0px|4vw||4vw|false|false\" collapsed=\"off\"][et_pb_column type=\"4_4\" _builder_version=\"4.7.7\" _module_preset=\"default\"][et_pb_text _builder_version=\"4.9.4\" _module_preset=\"default\" text_line_height=\"1.5em\" header_font=\"|300|||||||\" header_text_align=\"left\" header_text_color=\"#f6f6f3\" header_font_size=\"3.5em\" header_6_font=\"|||on|||||\" header_6_line_height=\"2em\" background_layout=\"dark\" custom_margin=\"||||false|false\" locked=\"off\"]<h1>Pla\u0107anje kreditnim karticama<\/h1>[\/et_pb_text][\/et_pb_column][\/et_pb_row][et_pb_row column_structure=\"2_3,1_3\" use_custom_gutter=\"on\" admin_label=\"Opis\" _builder_version=\"4.9.4\" _module_preset=\"default\" background_color=\"#f6f6f3\" z_index=\"99\" custom_margin=\"||||false|false\" custom_padding=\"50px|50px|50px|50px|true|true\" box_shadow_style=\"preset1\" box_shadow_vertical=\"-25px\" box_shadow_spread=\"-10px\" collapsed=\"off\"][et_pb_column type=\"2_3\" _builder_version=\"4.9.4\" _module_preset=\"default\"][et_pb_text _builder_version=\"4.9.10\" _module_preset=\"default\" hover_enabled=\"0\" sticky_enabled=\"0\"]Ukoliko ste primili potvrdu o rezervaciji od strane kampa, ovdje izvr\u0161ite pla\u0107anje akontacije i tro\u0161kova rezervacije putem kreditne kartice.[\/et_pb_text][et_pb_code _builder_version=\"4.9.4\" _module_preset=\"default\" custom_margin=\"50px||||false|false\"]<form id=\"form_tcom\" action=\"https:\/\/hotel-kimen.com\/subcategory\/step2\" method=\"POST\"><!-- [et_pb_line_break_holder] --><input type=\"hidden\" name=\"ShoppingCartID\" value=\"1622372327\"><!-- [et_pb_line_break_holder] --><input type=\"hidden\" name=\"ShopID\" value=\"10001008\"><!-- [et_pb_line_break_holder] --><input type=\"hidden\" name=\"ReturnURL\" value=\"https:\/\/hotel-kimen.com\/subcategory\/success\"><!-- [et_pb_line_break_holder] --><input type=\"hidden\" name=\"CancelURL\" value=\"https:\/\/hotel-kimen.com\/subcategory\/failure\"><!-- [et_pb_line_break_holder] --><input type=\"hidden\" name=\"Curr\" value=\"Y\"><!-- [et_pb_line_break_holder] --><input id=\"lang\" name=\"lang\" type=\"hidden\" value=\"HR\"><!-- [et_pb_line_break_holder] --><input type=\"hidden\" name=\"Signature\" id=\"Signature\"><!-- [et_pb_line_break_holder] --><input type=\"hidden\" name=\"DebugMode\" value=\"on\"><!-- [et_pb_line_break_holder] --><!-- [et_pb_line_break_holder] --><input type=\"hidden\" name=\"PaymentType\" value=\"auto\"><!-- [et_pb_line_break_holder] --><input type=\"hidden\" name=\"Installments\" value=\"Y\"><!-- [et_pb_line_break_holder] --><!-- [et_pb_line_break_holder] --><!-- [et_pb_line_break_holder] -->\t<div><!-- [et_pb_line_break_holder] -->\t\t<label>Ime:*<\/label><!-- [et_pb_line_break_holder] -->\t\t<input class=\"input_field\" type=\"text\" name=\"CustomerFirstname\" \/><!-- [et_pb_line_break_holder] -->\t<\/div><!-- [et_pb_line_break_holder] -->\t<!-- [et_pb_line_break_holder] -->\t<div><!-- [et_pb_line_break_holder] -->\t\t<label>Prezime:*<\/label><!-- [et_pb_line_break_holder] -->\t\t<input class=\"input_field\" type=\"text\" name=\"CustomerSurname\" \/><!-- [et_pb_line_break_holder] -->\t<\/div><!-- [et_pb_line_break_holder] -->\t<!-- [et_pb_line_break_holder] -->\t<div><!-- [et_pb_line_break_holder] -->\t\t<label>Adresa:*<\/label><!-- [et_pb_line_break_holder] -->\t\t<input class=\"input_field\" type=\"text\" name=\"CustomerAddress\" \/><!-- [et_pb_line_break_holder] -->\t<\/div> <!-- [et_pb_line_break_holder] -->\t<!-- [et_pb_line_break_holder] -->\t<div><!-- [et_pb_line_break_holder] -->\t\t<label>Grad:*<\/label><!-- [et_pb_line_break_holder] -->\t\t<input class=\"input_field\" type=\"text\" name=\"CustomerCity\" \/><!-- [et_pb_line_break_holder] -->\t<\/div><!-- [et_pb_line_break_holder] -->\t<!-- [et_pb_line_break_holder] -->\t<div><!-- [et_pb_line_break_holder] -->\t\t<label>Po\u0161tanski broj:*<\/label><!-- [et_pb_line_break_holder] -->\t\t<input class=\"input_field\" type=\"text\" name=\"CustomerZIP\" \/><!-- [et_pb_line_break_holder] -->\t<\/div><!-- [et_pb_line_break_holder] -->\t<!-- [et_pb_line_break_holder] -->\t<div><!-- [et_pb_line_break_holder] -->\t\t<label>Dr\u017eava:*<\/label><!-- [et_pb_line_break_holder] -->\t\t<input class=\"input_field\" type=\"text\" name=\"CustomerCountry\" \/><!-- [et_pb_line_break_holder] -->\t<\/div>       <!-- [et_pb_line_break_holder] -->\t<!-- [et_pb_line_break_holder] -->\t<div><!-- [et_pb_line_break_holder] -->\t\t<label>Telefon:*<\/label><!-- [et_pb_line_break_holder] -->\t\t<input class=\"input_field\" type=\"text\" name=\"CustomerPhone\" \/><!-- [et_pb_line_break_holder] -->\t<\/div><!-- [et_pb_line_break_holder] -->\t<!-- [et_pb_line_break_holder] -->\t<div><!-- [et_pb_line_break_holder] -->\t\t<label>E-mail:*<\/label><!-- [et_pb_line_break_holder] -->\t\t<input class=\"input_field\" type=\"text\" id=\"CustomerEmail\" name=\"CustomerEmail\" \/><!-- [et_pb_line_break_holder] -->\t<\/div>                                   <!-- [et_pb_line_break_holder] -->\t<!-- [et_pb_line_break_holder] -->\t<div class=\"last_div\"><!-- [et_pb_line_break_holder] -->\t\t<label>Ukupno:*<\/label><!-- [et_pb_line_break_holder] -->\t\t<input class=\"input_field\" type=\"text\" id=\"TotalAmount\" name=\"TotalAmount\" style=\"width: 190px;\" \/><!-- [et_pb_line_break_holder] -->\t\t<!-- [et_pb_line_break_holder] -->\t\t<select id=\"valuta\" name=\"valuta\"><!-- [et_pb_line_break_holder] -->\t\t\t<option value=\"hrk\">HRK<\/option><!-- [et_pb_line_break_holder] -->\t\t\t<option  value=\"eur\">EUR<\/option><!-- [et_pb_line_break_holder] -->\t\t<\/select><!-- [et_pb_line_break_holder] -->\t<\/div><!-- [et_pb_line_break_holder] -->\t<script type=\"text\/javascript\" src=\"https:\/\/hotel-kimen.com\/js\/number.js\"><\/script><!-- [et_pb_line_break_holder] -->\t<script type=\"text\/javascript\"><!-- [et_pb_line_break_holder] -->\t\t$(\"document\").ready(function(){<!-- [et_pb_line_break_holder] -->\t\t\t$(\"#valuta\").change(function(){<!-- [et_pb_line_break_holder] -->\t\t\t\tvar value = $(\"#TotalAmount\").val().replace(',00', '');<!-- [et_pb_line_break_holder] -->\t\t\t\t\t\t<!-- [et_pb_line_break_holder] -->\t\t\t   if($(this).val() == 'hrk')<!-- [et_pb_line_break_holder] -->\t\t\t   $(\"#TotalAmount\").val( parseFloat(value * 7.5).toFixed(2) ); <!-- [et_pb_line_break_holder] -->\t\t\t   <!-- [et_pb_line_break_holder] -->\t\t\t   if($(this).val() == 'eur')<!-- [et_pb_line_break_holder] -->\t\t\t   $(\"#TotalAmount\").val( parseFloat(value \/ 7.5).toFixed(2) );                <!-- [et_pb_line_break_holder] -->\t\t\t});            <!-- [et_pb_line_break_holder] -->\t\t});<!-- [et_pb_line_break_holder] -->\t<!-- [et_pb_line_break_holder] -->\t<\/script>    <!-- [et_pb_line_break_holder] --><!-- [et_pb_line_break_holder] -->\t<!-- [et_pb_line_break_holder] -->\t\t\t\t   <!-- [et_pb_line_break_holder] -->\t<!-- [et_pb_line_break_holder] -->\t<div class=\"clear\"><\/div><!-- [et_pb_line_break_holder] -->\t<div><!-- [et_pb_line_break_holder] -->\t\t<button id=\"tcom_pay\">Nastavi s pla\u0107anjem<\/button><!-- [et_pb_line_break_holder] -->\t<\/div>                                                               <!-- [et_pb_line_break_holder] --><!-- [et_pb_line_break_holder] --><\/form>[\/et_pb_code][\/et_pb_column][et_pb_column type=\"1_3\" _builder_version=\"4.9.4\" _module_preset=\"default\"][et_pb_text _builder_version=\"4.9.10\" _module_preset=\"default\" header_6_font=\"|||on|||||\" hover_enabled=\"0\" sticky_enabled=\"0\"]<h6>Postupak pla\u0107anja akontacije\u00a0<\/h6>[\/et_pb_text][et_pb_text _builder_version=\"4.9.10\" _module_preset=\"default\" text_letter_spacing=\"0.03em\" text_line_height=\"2em\" hover_enabled=\"0\" sticky_enabled=\"0\"]<p>Postupak je slijede\u0107i:<\/p>\r\n<ol>\r\n<li>popunite polja s osobnim podacima<\/li>\r\n<li>iznosi akontacija i tro\u0161kova rezervacija:<\/li>\r\n<ul>\r\n<li>za 1 mobilnu kamp ku\u0107icu: 1500,00 kn<\/li>\r\n<li>za 1 sobu \"Tamaris\": 750,00 kn<\/li>\r\n<li>za 1 parcelu u kampu: 750,00 kn<\/li>\r\n<li>tro\u0161ak rezervacije za 1 vez u mini-marini - 225,00 kn<\/li>\r\n<li>ili iznos koji ste dogovorili sa sektorom prodaje kampa Kova\u010dine<\/li>\r\n<\/ul>\r\n<li>kliknite na tipku \"Nastavi s pla\u0107anjem\"<\/li>\r\n<\/ol>[\/et_pb_text][et_pb_text _builder_version=\"4.9.4\" _module_preset=\"default\" header_6_font=\"|||on|||||\"]<h6>Kartice prihvata<\/h6>[\/et_pb_text][et_pb_image src=\"https:\/\/kovacine.moonsafari.design\/wp-content\/uploads\/2021\/08\/visa_kreditna_kartica_Kamp-Kovacine_Cres.svg\" title_text=\"Visa kreditna kartica - Kamp Kova\u010dine, Cres\" _builder_version=\"4.9.10\" _module_preset=\"default\" width=\"30%\" custom_margin=\"|10px|||false|false\" hover_enabled=\"0\" custom_css_main_element=\"float: left;\" sticky_enabled=\"0\" alt=\"Visa kreditna kartica - Kamp Kova\u010dine, Cres\"][\/et_pb_image][et_pb_image src=\"https:\/\/kovacine.moonsafari.design\/wp-content\/uploads\/2021\/08\/mastercard_kreditna_kartica_Kamp_Kovacine_Cres.svg\" title_text=\"Mastercard kreditna kartica - Kamp Kova\u010dine, Cres\" _builder_version=\"4.9.10\" _module_preset=\"default\" width=\"30%\" custom_margin=\"|10px|||false|false\" hover_enabled=\"0\" custom_css_main_element=\"float: left;\" alt=\"Mastercard kreditna kartica - Kamp Kova\u010dine, Cres\" sticky_enabled=\"0\"][\/et_pb_image][et_pb_image src=\"https:\/\/kovacine.moonsafari.design\/wp-content\/uploads\/2021\/08\/american_express_kreditna_kartica_Kamp_Kovacine_Cres.svg\" title_text=\"American Express kreditna kartica - Kamp Kova\u010dine, Cres\" _builder_version=\"4.9.10\" _module_preset=\"default\" width=\"30%\" hover_enabled=\"0\" custom_css_main_element=\"float: left;\" alt=\"American Express kreditna kartica - Kamp Kova\u010dine, Cres\" sticky_enabled=\"0\"][\/et_pb_image][\/et_pb_column][\/et_pb_row][\/et_pb_section]","_et_gb_content_width":"","footnotes":""},"class_list":["post-18727","page","type-page","status-publish","hentry"],"_links":{"self":[{"href":"https:\/\/kovacine.moonsafari.design\/en\/wp-json\/wp\/v2\/pages\/18727","targetHints":{"allow":["GET"]}}],"collection":[{"href":"https:\/\/kovacine.moonsafari.design\/en\/wp-json\/wp\/v2\/pages"}],"about":[{"href":"https:\/\/kovacine.moonsafari.design\/en\/wp-json\/wp\/v2\/types\/page"}],"author":[{"embeddable":true,"href":"https:\/\/kovacine.moonsafari.design\/en\/wp-json\/wp\/v2\/users\/1"}],"replies":[{"embeddable":true,"href":"https:\/\/kovacine.moonsafari.design\/en\/wp-json\/wp\/v2\/comments?post=18727"}],"version-history":[{"count":0,"href":"https:\/\/kovacine.moonsafari.design\/en\/wp-json\/wp\/v2\/pages\/18727\/revisions"}],"wp:attachment":[{"href":"https:\/\/kovacine.moonsafari.design\/en\/wp-json\/wp\/v2\/media?parent=18727"}],"curies":[{"name":"wp","href":"https:\/\/api.w.org\/{rel}","templated":true}]}}