{"id":20257,"date":"2021-05-30T11:21:29","date_gmt":"2021-05-30T11:21:29","guid":{"rendered":"https:\/\/kovacine.moonsafari.design\/placanje-kreditnim-karticama\/"},"modified":"2023-01-02T13:51:44","modified_gmt":"2023-01-02T13:51:44","slug":"placilo-s-kreditnimi-karticami","status":"publish","type":"page","link":"https:\/\/kovacine.moonsafari.design\/sl\/placilo-s-kreditnimi-karticami\/","title":{"rendered":"Pla\u010dilo s kreditnimi karticami"},"content":{"rendered":"<p>[et_pb_section fb_built=&#8221;1&#8243; admin_label=&#8221;Hero image&#8221; _builder_version=&#8221;4.16&#8243; _module_preset=&#8221;default&#8221; background_image=&#8221;https:\/\/kovacine.moonsafari.design\/wp-content\/uploads\/2021\/07\/kamp-kovacine-global-header.jpg&#8221; background_position=&#8221;top_center&#8221; min_height=&#8221;400px&#8221; top_divider_color=&#8221;#e02b20&#8243; bottom_divider_style=&#8221;waves2&#8243; bottom_divider_color=&#8221;#f6f6f3&#8243; collapsed=&#8221;on&#8221; global_colors_info=&#8221;{}&#8221;][\/et_pb_section][et_pb_section fb_built=&#8221;1&#8243; admin_label=&#8221;GDPR&#8221; _builder_version=&#8221;4.16&#8243; _module_preset=&#8221;default&#8221; background_color=&#8221;rgba(0,0,0,0)&#8221; custom_margin=&#8221;-200px||50px||false|false&#8221; custom_padding=&#8221;0px||0px||false|false&#8221; collapsed=&#8221;off&#8221; global_colors_info=&#8221;{}&#8221;][et_pb_row admin_label=&#8221;Naslov &#8221; _builder_version=&#8221;4.16&#8243; _module_preset=&#8221;default&#8221; custom_padding=&#8221;0px|4vw||4vw|false|false&#8221; collapsed=&#8221;on&#8221; global_colors_info=&#8221;{}&#8221;][et_pb_column type=&#8221;4_4&#8243; _builder_version=&#8221;4.16&#8243; _module_preset=&#8221;default&#8221; global_colors_info=&#8221;{}&#8221;][et_pb_text _builder_version=&#8221;4.16&#8243; _module_preset=&#8221;default&#8221; text_line_height=&#8221;1.5em&#8221; header_font=&#8221;|300|||||||&#8221; header_text_align=&#8221;left&#8221; header_text_color=&#8221;#f6f6f3&#8243; header_font_size=&#8221;3.5em&#8221; header_6_font=&#8221;|||on|||||&#8221; header_6_line_height=&#8221;2em&#8221; background_layout=&#8221;dark&#8221; custom_margin=&#8221;||||false|false&#8221; locked=&#8221;off&#8221; global_colors_info=&#8221;{}&#8221;]<\/p>\n<h1>Pla\u010dilo s kreditnimi karticami<\/h1>\n<p>[\/et_pb_text][\/et_pb_column][\/et_pb_row][et_pb_row column_structure=&#8221;2_3,1_3&#8243; use_custom_gutter=&#8221;on&#8221; admin_label=&#8221;Opis&#8221; _builder_version=&#8221;4.16&#8243; _module_preset=&#8221;default&#8221; background_color=&#8221;#f6f6f3&#8243; z_index=&#8221;99&#8243; custom_margin=&#8221;||||false|false&#8221; custom_padding=&#8221;50px|50px|50px|50px|true|true&#8221; box_shadow_style=&#8221;preset1&#8243; box_shadow_vertical=&#8221;-25px&#8221; box_shadow_spread=&#8221;-10px&#8221; collapsed=&#8221;on&#8221; global_colors_info=&#8221;{}&#8221;][et_pb_column type=&#8221;2_3&#8243; _builder_version=&#8221;4.16&#8243; _module_preset=&#8221;default&#8221; global_colors_info=&#8221;{}&#8221;][et_pb_text _builder_version=&#8221;4.16&#8243; _module_preset=&#8221;default&#8221; global_colors_info=&#8221;{}&#8221;]<\/p>\n<p>V kolikor smo vam iz hotela poslali potrditev rezervacije, vas prosimo, da tukaj izvr\u0161ite pla\u010dilo akontacije in stro\u0161kov rezervacije s kreditno kartico.<\/p>\n<p>[\/et_pb_text][et_pb_code _builder_version=&#8221;4.16&#8243; _module_preset=&#8221;default&#8221; global_colors_info=&#8221;{}&#8221;]<div class=\"payway-form\"><input type=\"hidden\" id=\"payway_wordpress_url\" value=\"https:\/\/kovacine.moonsafari.design\"><form id=\"payway_form\" action=\"https:\/\/form.payway.com.hr\/Authorization.aspx\" method=\"POST\"><input type=\"hidden\" name=\"ShoppingCartID\" value=\"260414_111104043636\" id=\"ShoppingCartID\" ><input type=\"hidden\" name=\"ShopID\" value=\"10001007\"><input type=\"hidden\" name=\"ReturnURL\" value=\"https:\/\/camp-kovacine.com\/subcategory\/success\"><input type=\"hidden\" name=\"CancelURL\" value=\"https:\/\/camp-kovacine.com\/subcategory\/failure\"><input type=\"hidden\" name=\"ReturnErrorURL\" value=\"https:\/\/camp-kovacine.com\/subcategory\/failure\"><input type=\"hidden\" name=\"Lang\" value=\"sl\"><input type=\"hidden\" name=\"Version\" value=\"2.0\"><input type=\"hidden\" name=\"Signature\" id=\"payway_signature\"><table class=\"dcf-table dcf-table-responsive dcf-table-striped dcf-w-100%\"><tbody><tr><td><p>Ime<\/p><\/td><td><input class=\"input_field\" type=\"text\" name=\"CustomerFirstname\" \/><\/td><\/tr><tr><td><p>Priimek<\/p><\/td><td><input class=\"input_field\" type=\"text\" name=\"CustomerLastName\" \/><\/td><\/tr><tr><td><p>Naslov<\/p><\/td><td><input class=\"input_field\" type=\"text\" name=\"CustomerAddress\" \/><\/td><\/tr><tr><td><p>Mesto<\/p><\/td><td><input class=\"input_field\" type=\"text\" name=\"CustomerCity\" \/><\/td><\/tr><tr><td><p>ZIP<\/p><\/td><td><input class=\"input_field\" type=\"text\" name=\"CustomerZIP\" \/><\/td><\/tr><tr><td><p>Dr\u017eava<\/p><\/td><td><input class=\"input_field\" type=\"text\" name=\"CustomerCountry\" \/><\/td><\/tr><tr><td><p>Telefon<\/p><\/td><td><input class=\"input_field\" type=\"text\" name=\"CustomerPhone\" \/><\/td><\/tr><tr><td><p>E-naslov<\/p><\/td><td><input class=\"input_field\" type=\"text\" name=\"CustomerEmail\" \/><\/td><\/tr><tr><td><p>Znesek<\/p><\/td><td><input class=\"input_field\" type=\"text\"  id=\"TotalAmount\" name=\"TotalAmount\" \/> EUR<\/td><\/tr><tr><td colspan=\"2\" align=\"right\"><button type=\"button\" id=\"payway_getSignature\">Nadaljuj s pla\u010dilom<\/button><\/td><\/tr><tr><td colspan=\"2\" align=\"right\"><p id=\"invalid-amount-error\" style=\"display:none;\">Vneseni znesek je neveljaven, vnesite pravilno vrednost in nadaljujte<\/p><\/td><\/tr><div><input style=\"display:none\" type=\"submit\" id=\"payway_redirect\" \/><\/div><\/tbody><\/table><\/form><\/div>[\/et_pb_code][\/et_pb_column][et_pb_column type=&#8221;1_3&#8243; _builder_version=&#8221;4.16&#8243; _module_preset=&#8221;default&#8221; global_colors_info=&#8221;{}&#8221;][et_pb_text _builder_version=&#8221;4.16&#8243; _module_preset=&#8221;default&#8221; header_6_font=&#8221;|||on|||||&#8221; global_colors_info=&#8221;{}&#8221;]<\/p>\n<h6>Postopek<\/h6>\n<p>[\/et_pb_text][et_pb_text _builder_version=&#8221;4.19.4&#8243; _module_preset=&#8221;default&#8221; text_letter_spacing=&#8221;0.03em&#8221; text_line_height=&#8221;2em&#8221; hover_enabled=&#8221;0&#8243; global_colors_info=&#8221;{}&#8221; sticky_enabled=&#8221;0&#8243;]<\/p>\n<ol>\n<li>izpolnite polja z osebnimi podatki<\/li>\n<li>znesek akontacije in stro\u0161kov rezervacije:\n<ul>\n<li>za 1 mobilno hi\u0161ko: 1500,00 Kn<\/li>\n<li>za 1 sobo \u00bbTamaris\u00ab: 750,00 Kn<\/li>\n<li>za 1 parcelo v kampu: 750,00 Kn<\/li>\n<li>stro\u0161ek rezervacije 1 priveza v mini-marini \u2013 40,00 \u20ac<\/li>\n<li>ali znesek za katerega ste se dogovorili z oddelkom prodaje kampa Kova\u010dine<\/li>\n<\/ul>\n<\/li>\n<li>kliknite tipko &#8220;Nadaljuj s pla\u010dilom&#8221;<\/li>\n<\/ol>\n<p>[\/et_pb_text][et_pb_text _builder_version=&#8221;4.19.4&#8243; _module_preset=&#8221;default&#8221; header_6_font=&#8221;|||on|||||&#8221; hover_enabled=&#8221;0&#8243; global_colors_info=&#8221;{}&#8221; sticky_enabled=&#8221;0&#8243;]<\/p>\n<h6>Kartice prihvata<\/h6>\n<p>[\/et_pb_text][et_pb_image src=&#8221;https:\/\/kovacine.moonsafari.design\/wp-content\/uploads\/2021\/08\/visa_kreditna_kartica_Kamp-Kovacine_Cres.svg&#8221; alt=&#8221;Visa kreditna kartica &#8211; Kamp Kova\u010dine, Cres&#8221; title_text=&#8221;Visa kreditna kartica &#8211; Kamp Kova\u010dine, Cres&#8221; _builder_version=&#8221;4.16&#8243; _module_preset=&#8221;default&#8221; width=&#8221;30%&#8221; custom_margin=&#8221;|10px|||false|false&#8221; custom_css_main_element=&#8221;float: left;&#8221; global_colors_info=&#8221;{}&#8221;][\/et_pb_image][et_pb_image src=&#8221;https:\/\/kovacine.moonsafari.design\/wp-content\/uploads\/2021\/08\/mastercard_kreditna_kartica_Kamp_Kovacine_Cres.svg&#8221; alt=&#8221;Mastercard kreditna kartica &#8211; Kamp Kova\u010dine, Cres&#8221; title_text=&#8221;Mastercard kreditna kartica &#8211; Kamp Kova\u010dine, Cres&#8221; _builder_version=&#8221;4.16&#8243; _module_preset=&#8221;default&#8221; width=&#8221;30%&#8221; custom_margin=&#8221;|10px|||false|false&#8221; custom_css_main_element=&#8221;float: left;&#8221; global_colors_info=&#8221;{}&#8221;][\/et_pb_image][et_pb_image src=&#8221;https:\/\/kovacine.moonsafari.design\/wp-content\/uploads\/2021\/08\/american_express_kreditna_kartica_Kamp_Kovacine_Cres.svg&#8221; alt=&#8221;American Express kreditna kartica &#8211; Kamp Kova\u010dine, Cres&#8221; title_text=&#8221;American Express kreditna kartica &#8211; Kamp Kova\u010dine, Cres&#8221; _builder_version=&#8221;4.16&#8243; _module_preset=&#8221;default&#8221; width=&#8221;30%&#8221; custom_css_main_element=&#8221;float: left;&#8221; global_colors_info=&#8221;{}&#8221;][\/et_pb_image][\/et_pb_column][\/et_pb_row][\/et_pb_section]<\/p>\n","protected":false},"excerpt":{"rendered":"<p>Pla\u010dilo s kreditnimi karticamiV kolikor smo vam iz hotela poslali potrditev rezervacije, vas prosimo, da tukaj izvr\u0161ite pla\u010dilo akontacije in stro\u0161kov rezervacije s kreditno kartico.<div class=\"payway-form\"><input type=\"hidden\" id=\"payway_wordpress_url\" value=\"https:\/\/kovacine.moonsafari.design\"><form id=\"payway_form\" action=\"https:\/\/form.payway.com.hr\/Authorization.aspx\" method=\"POST\"><input type=\"hidden\" name=\"ShoppingCartID\" value=\"260414_111104043636\" id=\"ShoppingCartID\" ><input type=\"hidden\" name=\"ShopID\" value=\"10001007\"><input type=\"hidden\" name=\"ReturnURL\" value=\"https:\/\/camp-kovacine.com\/subcategory\/success\"><input type=\"hidden\" name=\"CancelURL\" value=\"https:\/\/camp-kovacine.com\/subcategory\/failure\"><input type=\"hidden\" name=\"ReturnErrorURL\" value=\"https:\/\/camp-kovacine.com\/subcategory\/failure\"><input type=\"hidden\" name=\"Lang\" value=\"sl\"><input type=\"hidden\" name=\"Version\" value=\"2.0\"><input type=\"hidden\" name=\"Signature\" id=\"payway_signature\"><table class=\"dcf-table dcf-table-responsive dcf-table-striped dcf-w-100%\"><tbody><tr><td><p>Ime<\/p><\/td><td><input class=\"input_field\" type=\"text\" name=\"CustomerFirstname\" \/><\/td><\/tr><tr><td><p>Priimek<\/p><\/td><td><input class=\"input_field\" type=\"text\" name=\"CustomerLastName\" \/><\/td><\/tr><tr><td><p>Naslov<\/p><\/td><td><input class=\"input_field\" type=\"text\" name=\"CustomerAddress\" \/><\/td><\/tr><tr><td><p>Mesto<\/p><\/td><td><input class=\"input_field\" type=\"text\" name=\"CustomerCity\" \/><\/td><\/tr><tr><td><p>ZIP<\/p><\/td><td><input class=\"input_field\" type=\"text\" name=\"CustomerZIP\" \/><\/td><\/tr><tr><td><p>Dr\u017eava<\/p><\/td><td><input class=\"input_field\" type=\"text\" name=\"CustomerCountry\" \/><\/td><\/tr><tr><td><p>Telefon<\/p><\/td><td><input class=\"input_field\" type=\"text\" name=\"CustomerPhone\" \/><\/td><\/tr><tr><td><p>E-naslov<\/p><\/td><td><input class=\"input_field\" type=\"text\" name=\"CustomerEmail\" \/><\/td><\/tr><tr><td><p>Znesek<\/p><\/td><td><input class=\"input_field\" type=\"text\"  id=\"TotalAmount\" name=\"TotalAmount\" \/> EUR<\/td><\/tr><tr><td colspan=\"2\" align=\"right\"><button type=\"button\" id=\"payway_getSignature\">Nadaljuj s pla\u010dilom<\/button><\/td><\/tr><tr><td colspan=\"2\" align=\"right\"><p id=\"invalid-amount-error\" style=\"display:none;\">Vneseni znesek je neveljaven, vnesite pravilno vrednost in nadaljujte<\/p><\/td><\/tr><div><input style=\"display:none\" type=\"submit\" id=\"payway_redirect\" \/><\/div><\/tbody><\/table><\/form><\/div>Postopek izpolnite polja z osebnimi podatki znesek akontacije in stro\u0161kov rezervacije: za 1 mobilno hi\u0161ko: 1500,00 Kn za 1 sobo \u00bbTamaris\u00ab: 750,00 Kn za 1 parcelo v kampu: 750,00 Kn stro\u0161ek [&hellip;]<\/p>\n","protected":false},"author":1,"featured_media":0,"parent":0,"menu_order":0,"comment_status":"closed","ping_status":"closed","template":"","meta":{"_et_pb_use_builder":"on","_et_pb_old_content":"","_et_gb_content_width":"","footnotes":""},"class_list":["post-20257","page","type-page","status-publish","hentry"],"_links":{"self":[{"href":"https:\/\/kovacine.moonsafari.design\/sl\/wp-json\/wp\/v2\/pages\/20257","targetHints":{"allow":["GET"]}}],"collection":[{"href":"https:\/\/kovacine.moonsafari.design\/sl\/wp-json\/wp\/v2\/pages"}],"about":[{"href":"https:\/\/kovacine.moonsafari.design\/sl\/wp-json\/wp\/v2\/types\/page"}],"author":[{"embeddable":true,"href":"https:\/\/kovacine.moonsafari.design\/sl\/wp-json\/wp\/v2\/users\/1"}],"replies":[{"embeddable":true,"href":"https:\/\/kovacine.moonsafari.design\/sl\/wp-json\/wp\/v2\/comments?post=20257"}],"version-history":[{"count":0,"href":"https:\/\/kovacine.moonsafari.design\/sl\/wp-json\/wp\/v2\/pages\/20257\/revisions"}],"wp:attachment":[{"href":"https:\/\/kovacine.moonsafari.design\/sl\/wp-json\/wp\/v2\/media?parent=20257"}],"curies":[{"name":"wp","href":"https:\/\/api.w.org\/{rel}","templated":true}]}}